{"id":3054,"date":"2024-02-01T15:43:02","date_gmt":"2024-02-01T14:43:02","guid":{"rendered":"https:\/\/www.camping-costaponente.com\/foto\/"},"modified":"2025-12-10T11:45:32","modified_gmt":"2025-12-10T10:45:32","slug":"foto","status":"publish","type":"page","link":"https:\/\/www.camping-costaponente.com\/de\/foto\/","title":{"rendered":"Foto"},"content":{"rendered":"<div class=\"wpb-content-wrapper\"><p>[vc_row][vc_column css=&#8220;.vc_custom_1467214267244{padding-top: 10px !important;padding-bottom: 10px !important;}&#8220;][vc_media_grid gap=&#8220;30&#8243; css=&#8220;&#8220; grid_id=&#8220;vc_gid:1765362954276-6fe11755-0569-3&#8243; include=&#8220;2427,1997,1999,2001,2003,2005,2007,2045,2047,2049,2051,2053,2055,2057,2059,2061,2063,2065,2076,2480,2153,2157,2155,2141,2135,2133,2475,2477,2486,2488,2143,2145,2147,2109,2111,2149,2151,2113,2115,2117,2119,2121,2123,2125,2127,2129,2131,2137,2139,2484,2996,3000,3004,3008,3012&#8243; el_class=&#8220;hover-galleria&#8220;][\/vc_column][\/vc_row]<\/p>\n<\/div>","protected":false},"excerpt":{"rendered":"<p>[vc_row][vc_column css=&#8220;.vc_custom_1467214267244{padding-top: 10px !important;padding-bottom: 10px !important;}&#8220;][vc_media_grid gap=&#8220;30&#8243; css=&#8220;&#8220; grid_id=&#8220;vc_gid:1765362954276-6fe11755-0569-3&#8243; include=&#8220;2427,1997,1999,2001,2003,2005,2007,2045,2047,2049,2051,2053,2055,2057,2059,2061,2063,2065,2076,2480,2153,2157,2155,2141,2135,2133,2475,2477,2486,2488,2143,2145,2147,2109,2111,2149,2151,2113,2115,2117,2119,2121,2123,2125,2127,2129,2131,2137,2139,2484,2996,3000,3004,3008,3012&#8243; el_class=&#8220;hover-galleria&#8220;][\/vc_column][\/vc_row]<\/p>\n","protected":false},"author":1,"featured_media":0,"parent":0,"menu_order":0,"comment_status":"closed","ping_status":"closed","template":"","meta":{"footnotes":""},"class_list":["post-3054","page","type-page","status-publish","hentry"],"yoast_head":"<!-- This site is optimized with the Yoast SEO plugin v27.3 - https:\/\/yoast.com\/product\/yoast-seo-wordpress\/ -->\n<title>Fotos vom Camping Costa Ponente, wir liegen direkt am Meer<\/title>\n<meta name=\"description\" content=\"Fotos vom Campingplatz, auf denen Sie sich als Unterst\u00fctzer einen Eindruck von unserem Campingplatz verschaffen k\u00f6nnen. Hier k\u00f6nnen Sie wundersch\u00f6ne Sonnenunterg\u00e4nge genie\u00dfen.\" \/>\n<meta name=\"robots\" content=\"index, follow, max-snippet:-1, max-image-preview:large, max-video-preview:-1\" \/>\n<link rel=\"canonical\" href=\"https:\/\/www.camping-costaponente.com\/de\/foto\/\" \/>\n<meta property=\"og:locale\" content=\"de_DE\" \/>\n<meta property=\"og:type\" content=\"article\" \/>\n<meta property=\"og:title\" content=\"Fotos vom Camping Costa Ponente, wir liegen direkt am Meer\" \/>\n<meta property=\"og:description\" content=\"Fotos vom Campingplatz, auf denen Sie sich als Unterst\u00fctzer einen Eindruck von unserem Campingplatz verschaffen k\u00f6nnen. Hier k\u00f6nnen Sie wundersch\u00f6ne Sonnenunterg\u00e4nge genie\u00dfen.\" \/>\n<meta property=\"og:url\" content=\"https:\/\/www.camping-costaponente.com\/de\/foto\/\" \/>\n<meta property=\"og:site_name\" content=\"Camping Costa Ponente\" \/>\n<meta property=\"article:modified_time\" content=\"2025-12-10T10:45:32+00:00\" \/>\n<meta name=\"twitter:card\" content=\"summary_large_image\" \/>\n<meta name=\"twitter:label1\" content=\"Gesch\u00e4tzte Lesezeit\" \/>\n\t<meta name=\"twitter:data1\" content=\"1\u00a0Minute\" \/>\n<script type=\"application\/ld+json\" class=\"yoast-schema-graph\">{\"@context\":\"https:\\\/\\\/schema.org\",\"@graph\":[{\"@type\":\"WebPage\",\"@id\":\"https:\\\/\\\/www.camping-costaponente.com\\\/de\\\/foto\\\/\",\"url\":\"https:\\\/\\\/www.camping-costaponente.com\\\/de\\\/foto\\\/\",\"name\":\"Fotos vom Camping Costa Ponente, wir liegen direkt am Meer\",\"isPartOf\":{\"@id\":\"https:\\\/\\\/www.camping-costaponente.com\\\/#website\"},\"datePublished\":\"2024-02-01T14:43:02+00:00\",\"dateModified\":\"2025-12-10T10:45:32+00:00\",\"description\":\"Fotos vom Campingplatz, auf denen Sie sich als Unterst\u00fctzer einen Eindruck von unserem Campingplatz verschaffen k\u00f6nnen. Hier k\u00f6nnen Sie wundersch\u00f6ne Sonnenunterg\u00e4nge genie\u00dfen.\",\"inLanguage\":\"de\",\"potentialAction\":[{\"@type\":\"ReadAction\",\"target\":[\"https:\\\/\\\/www.camping-costaponente.com\\\/de\\\/foto\\\/\"]}]},{\"@type\":\"WebSite\",\"@id\":\"https:\\\/\\\/www.camping-costaponente.com\\\/#website\",\"url\":\"https:\\\/\\\/www.camping-costaponente.com\\\/\",\"name\":\"Camping Costa Ponente\",\"description\":\"\",\"potentialAction\":[{\"@type\":\"SearchAction\",\"target\":{\"@type\":\"EntryPoint\",\"urlTemplate\":\"https:\\\/\\\/www.camping-costaponente.com\\\/?s={search_term_string}\"},\"query-input\":{\"@type\":\"PropertyValueSpecification\",\"valueRequired\":true,\"valueName\":\"search_term_string\"}}],\"inLanguage\":\"de\"}]}<\/script>\n<!-- \/ Yoast SEO plugin. -->","yoast_head_json":{"title":"Fotos vom Camping Costa Ponente, wir liegen direkt am Meer","description":"Fotos vom Campingplatz, auf denen Sie sich als Unterst\u00fctzer einen Eindruck von unserem Campingplatz verschaffen k\u00f6nnen. Hier k\u00f6nnen Sie wundersch\u00f6ne Sonnenunterg\u00e4nge genie\u00dfen.","robots":{"index":"index","follow":"follow","max-snippet":"max-snippet:-1","max-image-preview":"max-image-preview:large","max-video-preview":"max-video-preview:-1"},"canonical":"https:\/\/www.camping-costaponente.com\/de\/foto\/","og_locale":"de_DE","og_type":"article","og_title":"Fotos vom Camping Costa Ponente, wir liegen direkt am Meer","og_description":"Fotos vom Campingplatz, auf denen Sie sich als Unterst\u00fctzer einen Eindruck von unserem Campingplatz verschaffen k\u00f6nnen. Hier k\u00f6nnen Sie wundersch\u00f6ne Sonnenunterg\u00e4nge genie\u00dfen.","og_url":"https:\/\/www.camping-costaponente.com\/de\/foto\/","og_site_name":"Camping Costa Ponente","article_modified_time":"2025-12-10T10:45:32+00:00","twitter_card":"summary_large_image","twitter_misc":{"Gesch\u00e4tzte Lesezeit":"1\u00a0Minute"},"schema":{"@context":"https:\/\/schema.org","@graph":[{"@type":"WebPage","@id":"https:\/\/www.camping-costaponente.com\/de\/foto\/","url":"https:\/\/www.camping-costaponente.com\/de\/foto\/","name":"Fotos vom Camping Costa Ponente, wir liegen direkt am Meer","isPartOf":{"@id":"https:\/\/www.camping-costaponente.com\/#website"},"datePublished":"2024-02-01T14:43:02+00:00","dateModified":"2025-12-10T10:45:32+00:00","description":"Fotos vom Campingplatz, auf denen Sie sich als Unterst\u00fctzer einen Eindruck von unserem Campingplatz verschaffen k\u00f6nnen. Hier k\u00f6nnen Sie wundersch\u00f6ne Sonnenunterg\u00e4nge genie\u00dfen.","inLanguage":"de","potentialAction":[{"@type":"ReadAction","target":["https:\/\/www.camping-costaponente.com\/de\/foto\/"]}]},{"@type":"WebSite","@id":"https:\/\/www.camping-costaponente.com\/#website","url":"https:\/\/www.camping-costaponente.com\/","name":"Camping Costa Ponente","description":"","potentialAction":[{"@type":"SearchAction","target":{"@type":"EntryPoint","urlTemplate":"https:\/\/www.camping-costaponente.com\/?s={search_term_string}"},"query-input":{"@type":"PropertyValueSpecification","valueRequired":true,"valueName":"search_term_string"}}],"inLanguage":"de"}]}},"_links":{"self":[{"href":"https:\/\/www.camping-costaponente.com\/de\/wp-json\/wp\/v2\/pages\/3054","targetHints":{"allow":["GET"]}}],"collection":[{"href":"https:\/\/www.camping-costaponente.com\/de\/wp-json\/wp\/v2\/pages"}],"about":[{"href":"https:\/\/www.camping-costaponente.com\/de\/wp-json\/wp\/v2\/types\/page"}],"author":[{"embeddable":true,"href":"https:\/\/www.camping-costaponente.com\/de\/wp-json\/wp\/v2\/users\/1"}],"replies":[{"embeddable":true,"href":"https:\/\/www.camping-costaponente.com\/de\/wp-json\/wp\/v2\/comments?post=3054"}],"version-history":[{"count":1,"href":"https:\/\/www.camping-costaponente.com\/de\/wp-json\/wp\/v2\/pages\/3054\/revisions"}],"predecessor-version":[{"id":3058,"href":"https:\/\/www.camping-costaponente.com\/de\/wp-json\/wp\/v2\/pages\/3054\/revisions\/3058"}],"wp:attachment":[{"href":"https:\/\/www.camping-costaponente.com\/de\/wp-json\/wp\/v2\/media?parent=3054"}],"curies":[{"name":"wp","href":"https:\/\/api.w.org\/{rel}","templated":true}]}}