{"id":2693,"date":"2024-02-01T15:19:18","date_gmt":"2024-02-01T14:19:18","guid":{"rendered":"https:\/\/www.camping-costaponente.com\/contatti\/"},"modified":"2026-02-23T15:49:11","modified_gmt":"2026-02-23T14:49:11","slug":"kontakte","status":"publish","type":"page","link":"https:\/\/www.camping-costaponente.com\/de\/kontakte\/","title":{"rendered":"Kontakte"},"content":{"rendered":"<div class=\"wpb-content-wrapper\"><p>[vc_row css=&#8220;.vc_custom_1707217085178{margin-top: 50px !important;}&#8220;][vc_column css_animation=&#8220;fadeInLeft&#8220; width=&#8220;1\/2&#8243; css=&#8220;.vc_custom_1707234483568{padding-top: 10px !important;padding-bottom: 10px !important;}&#8220;] <h2 style=\"color:; padding:px; text-align:; font-size:25px; line-height:25px; letter-spacing: px; font-weight:normal;\" class=\"   nd_options_first_font \">ANFRAGE INFORMATIONEN<\/h2> <div style=\"background-color:; height: 20px;\" class=\"nicdark_section  \"><\/div>[vc_column_text]Der <strong>Camping Costa Ponente<\/strong> liegt in einer herrlichen Naturlandschaft, nur 3 Kilometer von der lebhaften normannischen Stadt <strong>Cefal\u00f9<\/strong> entfernt, einer Mischung aus Kunst, Magie und Sch\u00f6nheit an der Nordk\u00fcste von &lt; stark&gt;Sizilien.[\/vc_column_text][vc_row_inner][vc_column_inner]\n\n\n  <div class=\"nd_options_section  nd_options_display_table \">\n    <div class=\"nd_options_display_table_cell nd_options_vertical_align_middle nd_options_width_50_percentage nd_options_text_align_left nd_options_padding_10 nd_options_box_sizing_border_box\">\n      <p class=\" nd_options_second_font nd_options_margin_0 nd_options_padding_0\" style=\"color:#666666;\">Adresse:<\/p>\n    <\/div>\n    <div class=\"nd_options_display_table_cell nd_options_vertical_align_middle nd_options_width_50_percentage nd_options_text_align_right nd_options_padding_10 nd_options_box_sizing_border_box\">\n      <p class=\" nd_options_second_font nd_options_margin_0 nd_options_padding_0\" style=\"color:#7e7e7e;\">Contrada Ogliastrillo SS 11390015 Cefal\u00f9 (PA) Sicilia, Italia<\/p>\n    <\/div>\n  <\/div>\n\n\n   <div style=\"background-color:#f1f1f1; height: 1px;\" class=\"nicdark_section  \"><\/div>\n\n\n  <div class=\"nd_options_section  nd_options_display_table \">\n    <div class=\"nd_options_display_table_cell nd_options_vertical_align_middle nd_options_width_50_percentage nd_options_text_align_left nd_options_padding_10 nd_options_box_sizing_border_box\">\n      <p class=\" nd_options_second_font nd_options_margin_0 nd_options_padding_0\" style=\"color:#666666;\">Telefon:<\/p>\n    <\/div>\n    <div class=\"nd_options_display_table_cell nd_options_vertical_align_middle nd_options_width_50_percentage nd_options_text_align_right nd_options_padding_10 nd_options_box_sizing_border_box\">\n      <p class=\" nd_options_second_font nd_options_margin_0 nd_options_padding_0\" style=\"color:#7e7e7e;\">+39 0921 420 085<\/p>\n    <\/div>\n  <\/div>\n\n\n   <div style=\"background-color:#f1f1f1; height: 1px;\" class=\"nicdark_section  \"><\/div>\n\n\n  <div class=\"nd_options_section  nd_options_display_table \">\n    <div class=\"nd_options_display_table_cell nd_options_vertical_align_middle nd_options_width_50_percentage nd_options_text_align_left nd_options_padding_10 nd_options_box_sizing_border_box\">\n      <p class=\" nd_options_second_font nd_options_margin_0 nd_options_padding_0\" style=\"color:#666666;\">E-mail<\/p>\n    <\/div>\n    <div class=\"nd_options_display_table_cell nd_options_vertical_align_middle nd_options_width_50_percentage nd_options_text_align_right nd_options_padding_10 nd_options_box_sizing_border_box\">\n      <p class=\" nd_options_second_font nd_options_margin_0 nd_options_padding_0\" style=\"color:#7e7e7e;\">costaponentecefalu@gmail.com<\/p>\n    <\/div>\n  <\/div>\n\n\n   [\/vc_column_inner][\/vc_row_inner][\/vc_column][vc_column css_animation=&#8220;fadeInRight&#8220; width=&#8220;1\/2&#8243; css=&#8220;.vc_custom_1707234489693{padding-top: 10px !important;padding-bottom: 10px !important;}&#8220;]\n\n    <style>\n\n    #nd_options_shortcode_cf7_2579 input[type=\"text\"],\n    #nd_options_shortcode_cf7_2579 input[type=\"email\"],\n    #nd_options_shortcode_cf7_2579 input[type=\"url\"],\n    #nd_options_shortcode_cf7_2579 input[type=\"tel\"],\n    #nd_options_shortcode_cf7_2579 input[type=\"number\"],\n    #nd_options_shortcode_cf7_2579 input[type=\"date\"],\n    #nd_options_shortcode_cf7_2579 input[type=\"checkbox\"],\n    #nd_options_shortcode_cf7_2579 input[type=\"file\"],\n    #nd_options_shortcode_cf7_2579 textarea,\n    #nd_options_shortcode_cf7_2579 label,\n    #nd_options_shortcode_cf7_2579 select\n    {\n\n      width: 100%;\n\n    }\n\n\n    .nd_options_customizer_forms span.wpcf7-not-valid-tip,\n    .nd_options_customizer_forms .wpcf7-response-output.wpcf7-validation-errors,\n    .nd_options_customizer_forms .wpcf7-response-output.wpcf7-mail-sent-ok\n    {\n\n      float: left;\n      width: 100%;\n      box-sizing: border-box;\n\n    }\n\n    <\/style>\n\n  \n\n    <!--start form-->\n    <div id=\"nd_options_shortcode_cf7_2579\" class=\"nd_options_section \">\n      \n      <div class=\"nd_options_section nd_options_box_sizing_border_box\">\n        \n<div class=\"wpcf7 no-js\" id=\"wpcf7-f2579-o1\" lang=\"en-US\" dir=\"ltr\" data-wpcf7-id=\"2579\">\n<div class=\"screen-reader-response\"><p role=\"status\" aria-live=\"polite\" aria-atomic=\"true\"><\/p> <ul><\/ul><\/div>\n<form action=\"\/de\/wp-json\/wp\/v2\/pages\/2693#wpcf7-f2579-o1\" method=\"post\" class=\"wpcf7-form init\" aria-label=\"Contact form\" novalidate=\"novalidate\" data-status=\"init\">\n<fieldset class=\"hidden-fields-container\"><input type=\"hidden\" name=\"_wpcf7\" value=\"2579\" \/><input type=\"hidden\" name=\"_wpcf7_version\" value=\"6.1.5\" \/><input type=\"hidden\" name=\"_wpcf7_locale\" value=\"en_US\" \/><input type=\"hidden\" name=\"_wpcf7_unit_tag\" value=\"wpcf7-f2579-o1\" \/><input type=\"hidden\" name=\"_wpcf7_container_post\" value=\"0\" \/><input type=\"hidden\" name=\"_wpcf7_posted_data_hash\" value=\"\" \/><input type=\"hidden\" name=\"_wpcf7_recaptcha_response\" value=\"\" \/>\n<\/fieldset>\n<div class=\"nd_options_float_left nd_options_box_sizing_border_box nd_options_width_100_percentage_all_iphone_important nd_options_padding_0_right_important_all_iphone nd_options_padding_0_left_important_all_iphone \" style=\"padding: 0px 10px 15px 0px; width:50%;\" >\n<\/p>\n<p>Name und Nachname:\n<\/p>\n<p><span class=\"wpcf7-form-control-wrap\" data-name=\"name-form\"><input size=\"40\" maxlength=\"400\" class=\"wpcf7-form-control wpcf7-text wpcf7-validates-as-required nd_options_padding_10_20_important nd_options_margin_top_10\" aria-required=\"true\" aria-invalid=\"false\" value=\"\" type=\"text\" name=\"name-form\" \/><\/span><\/div><div class=\"nd_options_float_left nd_options_box_sizing_border_box nd_options_width_100_percentage_all_iphone_important nd_options_padding_0_right_important_all_iphone nd_options_padding_0_left_important_all_iphone \" style=\"padding: 0px 10px 15px 0px; width:50%;\" >\n<\/p>\n<p>E-mail:\n<\/p>\n<p><span class=\"wpcf7-form-control-wrap\" data-name=\"email\"><input size=\"40\" maxlength=\"400\" class=\"wpcf7-form-control wpcf7-email wpcf7-validates-as-required wpcf7-text wpcf7-validates-as-email nd_options_padding_10_20_important nd_options_margin_top_10\" aria-required=\"true\" aria-invalid=\"false\" value=\"\" type=\"email\" name=\"email\" \/><\/span><\/div><br \/>\n<div class=\"nd_options_float_left nd_options_box_sizing_border_box nd_options_width_100_percentage_all_iphone_important nd_options_padding_0_right_important_all_iphone nd_options_padding_0_left_important_all_iphone \" style=\"padding: 0px 10px 15px 0px; width:100%;\" >\n<\/p>\n<p>Nachrichtentext:\n<\/p>\n<p><span class=\"wpcf7-form-control-wrap\" data-name=\"message\"><textarea cols=\"40\" rows=\"5\" maxlength=\"2000\" class=\"wpcf7-form-control wpcf7-textarea wpcf7-validates-as-required nd_options_padding_10_20_important nd_options_margin_top_10\" aria-required=\"true\" aria-invalid=\"false\" name=\"message\"><\/textarea><\/span><\/div><br \/>\n<div class=\"nd_options_float_left nd_options_box_sizing_border_box nd_options_width_100_percentage_all_iphone_important nd_options_padding_0_right_important_all_iphone nd_options_padding_0_left_important_all_iphone \" style=\"padding: 0px 10px 15px 0px; width:100%;\" ><span class=\"wpcf7-form-control-wrap\" data-name=\"privacy_policy\"><span class=\"wpcf7-form-control wpcf7-acceptance\"><span class=\"wpcf7-list-item\"><input type=\"checkbox\" name=\"privacy_policy\" value=\"1\" class=\"privacy_policy\" aria-invalid=\"false\" \/><\/span><\/span><\/span><a href=\"https:\/\/www.camping-costaponente.com\/policy\/privacy_de.php\" class=\"policy\" target=\"_blank\">Ich genehmige die Verarbeitung personenbezogener Daten im Namen der Kunst. 7 des Gesetzes 196\/2003 (EU GDPR)<\/a><br \/>\n<\/div><br \/>\n<div class=\"nd_options_float_left nd_options_box_sizing_border_box nd_options_width_100_percentage_all_iphone_important nd_options_padding_0_right_important_all_iphone nd_options_padding_0_left_important_all_iphone \" style=\"padding: 0px 0px 0px 0px; width:50%;\" ><input class=\"wpcf7-form-control wpcf7-submit has-spinner nd_booking_padding_15_30_important nd_options_second_font_important nd_options_color_white nd_options_display_inline_block nd_options_font_size_11 nd_options_font_weight_bold nd_options_letter_spacing_2 nd_options_section\" type=\"submit\" value=\"NACHRICHT SENDEN\" \/><\/div><div class=\"wpcf7-response-output\" aria-hidden=\"true\"><\/div>\n<\/form>\n<\/div>\n \n      <\/div>  \n\n    <\/div>\n    <!--end form-->\n\n   [\/vc_column][\/vc_row][vc_row full_width=&#8220;stretch_row_content_no_spaces&#8220; css=&#8220;.vc_custom_1707216872996{margin-top: 25px !important;}&#8220; el_class=&#8220;nd_options_vc_parallax_filter_1_3&#8243;][vc_column css_animation=&#8220;fadeIn&#8220; el_class=&#8220;hide_btn padding_servizi_box&#8220;][vc_raw_html]JTNDZGl2JTIwaWQlM0QlMjJtYXAlMjIlM0UlM0MlMkZkaXYlM0U=[\/vc_raw_html][\/vc_column][\/vc_row]<\/p>\n<\/div>","protected":false},"excerpt":{"rendered":"<p>[vc_row css=&#8220;.vc_custom_1707217085178{margin-top: 50px !important;}&#8220;][vc_column css_animation=&#8220;fadeInLeft&#8220; width=&#8220;1\/2&#8243; css=&#8220;.vc_custom_1707234483568{padding-top: 10px !important;padding-bottom: 10px !important;}&#8220;][vc_column_text]Der Camping Costa Ponente liegt in einer herrlichen Naturlandschaft, nur 3 Kilometer von der lebhaften normannischen Stadt Cefal\u00f9 entfernt, einer Mischung aus Kunst, Magie und Sch\u00f6nheit an der Nordk\u00fcste von &lt; stark&gt;Sizilien.[\/vc_column_text][vc_row_inner][vc_column_inner][\/vc_column_inner][\/vc_row_inner][\/vc_column][vc_column css_animation=&#8220;fadeInRight&#8220; width=&#8220;1\/2&#8243; css=&#8220;.vc_custom_1707234489693{padding-top: 10px !important;padding-bottom: 10px !important;}&#8220;][\/vc_column][\/vc_row][vc_row full_width=&#8220;stretch_row_content_no_spaces&#8220; css=&#8220;.vc_custom_1707216872996{margin-top: 25px !important;}&#8220; el_class=&#8220;nd_options_vc_parallax_filter_1_3&#8243;][vc_column css_animation=&#8220;fadeIn&#8220; [&hellip;]<\/p>\n","protected":false},"author":1,"featured_media":0,"parent":0,"menu_order":0,"comment_status":"closed","ping_status":"closed","template":"","meta":{"footnotes":""},"class_list":["post-2693","page","type-page","status-publish","hentry"],"yoast_head":"<!-- This site is optimized with the Yoast SEO plugin v27.3 - https:\/\/yoast.com\/product\/yoast-seo-wordpress\/ -->\n<title>Kontakte - Camping Costa Ponente<\/title>\n<meta name=\"description\" content=\"Camping Costa Ponente liegt in einer herrlichen Naturlandschaft, nur 3 Kilometer von der lebhaften normannischen Stadt Cefal\u00f9 entfernt\" \/>\n<meta name=\"robots\" content=\"index, follow, max-snippet:-1, max-image-preview:large, max-video-preview:-1\" \/>\n<link rel=\"canonical\" href=\"https:\/\/www.camping-costaponente.com\/de\/kontakte\/\" \/>\n<meta property=\"og:locale\" content=\"de_DE\" \/>\n<meta property=\"og:type\" content=\"article\" \/>\n<meta property=\"og:title\" content=\"Kontakte - Camping Costa Ponente\" \/>\n<meta property=\"og:description\" content=\"Camping Costa Ponente liegt in einer herrlichen Naturlandschaft, nur 3 Kilometer von der lebhaften normannischen Stadt Cefal\u00f9 entfernt\" \/>\n<meta property=\"og:url\" content=\"https:\/\/www.camping-costaponente.com\/de\/kontakte\/\" \/>\n<meta property=\"og:site_name\" content=\"Camping Costa Ponente\" \/>\n<meta property=\"article:modified_time\" content=\"2026-02-23T14:49:11+00:00\" \/>\n<meta name=\"twitter:card\" content=\"summary_large_image\" \/>\n<meta name=\"twitter:label1\" content=\"Gesch\u00e4tzte Lesezeit\" \/>\n\t<meta name=\"twitter:data1\" content=\"1\u00a0Minute\" \/>\n<script type=\"application\/ld+json\" class=\"yoast-schema-graph\">{\"@context\":\"https:\\\/\\\/schema.org\",\"@graph\":[{\"@type\":\"WebPage\",\"@id\":\"https:\\\/\\\/www.camping-costaponente.com\\\/de\\\/kontakte\\\/\",\"url\":\"https:\\\/\\\/www.camping-costaponente.com\\\/de\\\/kontakte\\\/\",\"name\":\"Kontakte - Camping Costa Ponente\",\"isPartOf\":{\"@id\":\"https:\\\/\\\/www.camping-costaponente.com\\\/#website\"},\"datePublished\":\"2024-02-01T14:19:18+00:00\",\"dateModified\":\"2026-02-23T14:49:11+00:00\",\"description\":\"Camping Costa Ponente liegt in einer herrlichen Naturlandschaft, nur 3 Kilometer von der lebhaften normannischen Stadt Cefal\u00f9 entfernt\",\"inLanguage\":\"de\",\"potentialAction\":[{\"@type\":\"ReadAction\",\"target\":[\"https:\\\/\\\/www.camping-costaponente.com\\\/de\\\/kontakte\\\/\"]}]},{\"@type\":\"WebSite\",\"@id\":\"https:\\\/\\\/www.camping-costaponente.com\\\/#website\",\"url\":\"https:\\\/\\\/www.camping-costaponente.com\\\/\",\"name\":\"Camping Costa Ponente\",\"description\":\"\",\"potentialAction\":[{\"@type\":\"SearchAction\",\"target\":{\"@type\":\"EntryPoint\",\"urlTemplate\":\"https:\\\/\\\/www.camping-costaponente.com\\\/?s={search_term_string}\"},\"query-input\":{\"@type\":\"PropertyValueSpecification\",\"valueRequired\":true,\"valueName\":\"search_term_string\"}}],\"inLanguage\":\"de\"}]}<\/script>\n<!-- \/ Yoast SEO plugin. -->","yoast_head_json":{"title":"Kontakte - Camping Costa Ponente","description":"Camping Costa Ponente liegt in einer herrlichen Naturlandschaft, nur 3 Kilometer von der lebhaften normannischen Stadt Cefal\u00f9 entfernt","robots":{"index":"index","follow":"follow","max-snippet":"max-snippet:-1","max-image-preview":"max-image-preview:large","max-video-preview":"max-video-preview:-1"},"canonical":"https:\/\/www.camping-costaponente.com\/de\/kontakte\/","og_locale":"de_DE","og_type":"article","og_title":"Kontakte - Camping Costa Ponente","og_description":"Camping Costa Ponente liegt in einer herrlichen Naturlandschaft, nur 3 Kilometer von der lebhaften normannischen Stadt Cefal\u00f9 entfernt","og_url":"https:\/\/www.camping-costaponente.com\/de\/kontakte\/","og_site_name":"Camping Costa Ponente","article_modified_time":"2026-02-23T14:49:11+00:00","twitter_card":"summary_large_image","twitter_misc":{"Gesch\u00e4tzte Lesezeit":"1\u00a0Minute"},"schema":{"@context":"https:\/\/schema.org","@graph":[{"@type":"WebPage","@id":"https:\/\/www.camping-costaponente.com\/de\/kontakte\/","url":"https:\/\/www.camping-costaponente.com\/de\/kontakte\/","name":"Kontakte - Camping Costa Ponente","isPartOf":{"@id":"https:\/\/www.camping-costaponente.com\/#website"},"datePublished":"2024-02-01T14:19:18+00:00","dateModified":"2026-02-23T14:49:11+00:00","description":"Camping Costa Ponente liegt in einer herrlichen Naturlandschaft, nur 3 Kilometer von der lebhaften normannischen Stadt Cefal\u00f9 entfernt","inLanguage":"de","potentialAction":[{"@type":"ReadAction","target":["https:\/\/www.camping-costaponente.com\/de\/kontakte\/"]}]},{"@type":"WebSite","@id":"https:\/\/www.camping-costaponente.com\/#website","url":"https:\/\/www.camping-costaponente.com\/","name":"Camping Costa Ponente","description":"","potentialAction":[{"@type":"SearchAction","target":{"@type":"EntryPoint","urlTemplate":"https:\/\/www.camping-costaponente.com\/?s={search_term_string}"},"query-input":{"@type":"PropertyValueSpecification","valueRequired":true,"valueName":"search_term_string"}}],"inLanguage":"de"}]}},"_links":{"self":[{"href":"https:\/\/www.camping-costaponente.com\/de\/wp-json\/wp\/v2\/pages\/2693","targetHints":{"allow":["GET"]}}],"collection":[{"href":"https:\/\/www.camping-costaponente.com\/de\/wp-json\/wp\/v2\/pages"}],"about":[{"href":"https:\/\/www.camping-costaponente.com\/de\/wp-json\/wp\/v2\/types\/page"}],"author":[{"embeddable":true,"href":"https:\/\/www.camping-costaponente.com\/de\/wp-json\/wp\/v2\/users\/1"}],"replies":[{"embeddable":true,"href":"https:\/\/www.camping-costaponente.com\/de\/wp-json\/wp\/v2\/comments?post=2693"}],"version-history":[{"count":3,"href":"https:\/\/www.camping-costaponente.com\/de\/wp-json\/wp\/v2\/pages\/2693\/revisions"}],"predecessor-version":[{"id":3070,"href":"https:\/\/www.camping-costaponente.com\/de\/wp-json\/wp\/v2\/pages\/2693\/revisions\/3070"}],"wp:attachment":[{"href":"https:\/\/www.camping-costaponente.com\/de\/wp-json\/wp\/v2\/media?parent=2693"}],"curies":[{"name":"wp","href":"https:\/\/api.w.org\/{rel}","templated":true}]}}